{"id":3862,"date":"2025-02-25T08:44:00","date_gmt":"2025-02-25T08:44:00","guid":{"rendered":"https:\/\/g-now.net\/main\/?page_id=3862"},"modified":"2025-07-17T13:53:35","modified_gmt":"2025-07-17T13:53:35","slug":"neuromarketing","status":"publish","type":"page","link":"https:\/\/g-now.net\/main\/neuromarketing\/","title":{"rendered":"Neuromarketing"},"content":{"rendered":"\t\t<div data-elementor-type=\"wp-page\" data-elementor-id=\"3862\" class=\"elementor elementor-3862\">\n\t\t\t\t<div class=\"elementor-element elementor-element-3146ff9e e-con-full e-flex e-con e-parent\" data-id=\"3146ff9e\" data-element_type=\"container\">\n\t\t\t\t<div class=\"elementor-element elementor-element-20f76e8c elementor-widget elementor-widget-control_agency_section_title\" data-id=\"20f76e8c\" data-element_type=\"widget\" data-widget_type=\"control_agency_section_title.default\">\n\t\t\t\t<div class=\"elementor-widget-container\">\n\t\t\t\t\t<div class=\"sec-title wow fadeInUp text-center mb-40\">\r\n    <span class=\"sec-title__tagline d-inline-block\">Neuromarketing<\/span><h2>Descifra la Mente del Consumidor y Potencia tu Estrategia<\/h2>\r\n<\/div>\t\t\t\t<\/div>\n\t\t\t\t<\/div>\n\t\t\t\t<\/div>\n\t\t<div class=\"elementor-element elementor-element-a5599c9 e-flex e-con-boxed e-con e-parent\" data-id=\"a5599c9\" data-element_type=\"container\">\n\t\t\t\t\t<div class=\"e-con-inner\">\n\t\t<div class=\"elementor-element elementor-element-b09ca14 e-con-full e-flex e-con e-child\" data-id=\"b09ca14\" data-element_type=\"container\">\n\t\t\t\t<div class=\"elementor-element elementor-element-4229d52 elementor-widget elementor-widget-text-editor\" data-id=\"4229d52\" data-element_type=\"widget\" data-widget_type=\"text-editor.default\">\n\t\t\t\t<div class=\"elementor-widget-container\">\n\t\t\t\t\t\t\t\t\t<h4 data-start=\"0\" data-end=\"93\"><strong data-start=\"4\" data-end=\"86\">Neuromarketing: Ciencia y Estrategia para Conectar con la Mente del Consumidor<\/strong> \ud83e\udde0\ud83d\ude80<\/h4><p data-start=\"95\" data-end=\"319\">En un mercado donde las emociones juegan un papel fundamental en la toma de decisiones, el <strong data-start=\"186\" data-end=\"204\">Neuromarketing<\/strong> se convierte en una herramienta esencial para las marcas que buscan generar un impacto real en sus consumidores.<\/p><p data-start=\"321\" data-end=\"756\">A trav\u00e9s de <strong data-start=\"333\" data-end=\"370\">tecnolog\u00edas biom\u00e9tricas avanzadas<\/strong>, como el <strong data-start=\"380\" data-end=\"470\">Eye Tracking, Face Reading, Electroencefalogramas (EEG) y Test de Asociaci\u00f3n Impl\u00edcita<\/strong>, analizamos las respuestas emocionales y cognitivas del consumidor en tiempo real. Esto nos permite entender qu\u00e9 motiva sus decisiones de compra, qu\u00e9 est\u00edmulos generan mayor conexi\u00f3n y c\u00f3mo optimizar estrategias de marketing con un enfoque <strong data-start=\"711\" data-end=\"753\">objetivo, cient\u00edfico y basado en datos<\/strong>.<\/p><p data-start=\"758\" data-end=\"988\">Con el Neuromarketing, no solo mejoramos la experiencia del consumidor, sino que tambi\u00e9n maximizamos la efectividad de las campa\u00f1as, asegurando que cada mensaje, imagen o interacci\u00f3n genere una <strong data-start=\"952\" data-end=\"985\">reacci\u00f3n positiva y memorable<\/strong>.<\/p>\t\t\t\t\t\t\t\t<\/div>\n\t\t\t\t<\/div>\n\t\t\t\t<\/div>\n\t\t<div class=\"elementor-element elementor-element-3b90d85 e-con-full e-flex e-con e-child\" data-id=\"3b90d85\" data-element_type=\"container\">\n\t\t\t\t<div class=\"elementor-element elementor-element-25f287d elementor-widget elementor-widget-image\" data-id=\"25f287d\" data-element_type=\"widget\" data-widget_type=\"image.default\">\n\t\t\t\t<div class=\"elementor-widget-container\">\n\t\t\t\t\t\t\t\t\t\t\t\t\t\t\t<img fetchpriority=\"high\" decoding=\"async\" width=\"1024\" height=\"963\" src=\"https:\/\/g-now.net\/main\/wp-content\/uploads\/2025\/02\/Neuro-1024x963.png\" class=\"attachment-large size-large wp-image-3930\" alt=\"\" srcset=\"https:\/\/g-now.net\/main\/wp-content\/uploads\/2025\/02\/Neuro-1024x963.png 1024w, https:\/\/g-now.net\/main\/wp-content\/uploads\/2025\/02\/Neuro-300x282.png 300w, https:\/\/g-now.net\/main\/wp-content\/uploads\/2025\/02\/Neuro-768x723.png 768w, https:\/\/g-now.net\/main\/wp-content\/uploads\/2025\/02\/Neuro-692x651.png 692w, https:\/\/g-now.net\/main\/wp-content\/uploads\/2025\/02\/Neuro.png 1184w\" sizes=\"(max-width: 1024px) 100vw, 1024px\" style=\"width:100%;height:94.09%;max-width:1184px\" \/>\t\t\t\t\t\t\t\t\t\t\t\t\t\t\t<\/div>\n\t\t\t\t<\/div>\n\t\t\t\t<\/div>\n\t\t\t\t\t<\/div>\n\t\t\t\t<\/div>\n\t\t<div class=\"elementor-element elementor-element-471084f e-flex e-con-boxed e-con e-parent\" data-id=\"471084f\" data-element_type=\"container\">\n\t\t\t\t\t<div class=\"e-con-inner\">\n\t\t\t\t<div class=\"elementor-element elementor-element-f303d5f elementor-widget elementor-widget-text-editor\" data-id=\"f303d5f\" data-element_type=\"widget\" data-widget_type=\"text-editor.default\">\n\t\t\t\t<div class=\"elementor-widget-container\">\n\t\t\t\t\t\t\t\t\t<h3 data-start=\"387\" data-end=\"430\"><strong data-start=\"391\" data-end=\"428\">\u00bfPor qu\u00e9 utilizar Neuromarketing?<\/strong><\/h3><ul><li data-start=\"432\" data-end=\"668\"><strong data-start=\"434\" data-end=\"459\">Validaci\u00f3n cient\u00edfica<\/strong> de campa\u00f1as y est\u00edmulos de marketing para mejorar su efectividad.<\/li><li data-start=\"432\" data-end=\"668\"><strong data-start=\"530\" data-end=\"566\">Mayor comprensi\u00f3n del consumidor<\/strong> a lo largo del tiempo.<\/li><li data-start=\"432\" data-end=\"668\"><strong data-start=\"594\" data-end=\"624\">Datos precisos y objetivos<\/strong> para dise\u00f1ar estrategias de alto impacto.<\/li><\/ul><h3 data-start=\"670\" data-end=\"718\"><strong data-start=\"674\" data-end=\"716\">\u00c1reas de Diagn\u00f3stico en Neuromarketing<\/strong><\/h3><p data-start=\"720\" data-end=\"1166\">\ud83d\udd39 <strong data-start=\"723\" data-end=\"753\">Packaging \/ Labeling Test:<\/strong> Evaluaci\u00f3n del impacto visual y emocional del empaque.<br data-start=\"808\" data-end=\"811\" \/>\ud83d\udd39 <strong data-start=\"814\" data-end=\"833\">Punto de Venta:<\/strong> An\u00e1lisis del comportamiento del consumidor en entornos f\u00edsicos.<br data-start=\"897\" data-end=\"900\" \/>\ud83d\udd39 <strong data-start=\"903\" data-end=\"923\">Campaign Design:<\/strong> Optimizaci\u00f3n de anuncios y campa\u00f1as publicitarias.<br data-start=\"974\" data-end=\"977\" \/>\ud83d\udd39 <strong data-start=\"980\" data-end=\"1000\">Usabilidad y UX:<\/strong> Mejora de la experiencia del usuario en plataformas digitales.<br data-start=\"1063\" data-end=\"1066\" data-is-only-node=\"\" \/>\ud83d\udd39 <strong data-start=\"1069\" data-end=\"1106\">Mensajes \/ Conceptos \/ Discursos:<\/strong> Evaluaci\u00f3n de la efectividad de la comunicaci\u00f3n de marca.<\/p><h3 data-start=\"1168\" data-end=\"1212\"><strong data-start=\"1172\" data-end=\"1210\">Principales Tecnolog\u00edas y M\u00e9tricas<\/strong><\/h3><p data-start=\"1214\" data-end=\"1609\">\ud83d\udccc <strong data-start=\"1217\" data-end=\"1234\">Eye Tracking:<\/strong> An\u00e1lisis del movimiento ocular para identificar puntos de atenci\u00f3n clave.<br data-start=\"1308\" data-end=\"1311\" \/>\ud83d\udccc <strong data-start=\"1314\" data-end=\"1331\">Face Reading:<\/strong> Interpretaci\u00f3n de expresiones faciales para medir reacciones emocionales.<br data-start=\"1405\" data-end=\"1408\" \/>\ud83d\udccc <strong data-start=\"1411\" data-end=\"1442\">Electroencefalograma (EEG):<\/strong> Monitoreo de la actividad cerebral ante est\u00edmulos de marca.<br data-start=\"1502\" data-end=\"1505\" \/>\ud83d\udccc <strong data-start=\"1508\" data-end=\"1541\">Test de Asociaci\u00f3n Impl\u00edcita:<\/strong> Medici\u00f3n de asociaciones subconscientes con productos o mensajes.<\/p><h3 data-start=\"1611\" data-end=\"1704\">Evaluaciones presenciales y online<\/h3><p>\ud83d\udd39 Las evaluaciones presenciales son recomendadas para un mayor control de la tecnolog\u00eda y la atenci\u00f3n en la evaluaci\u00f3n<br \/>del panelista.<br \/>\ud83d\udd39 Las evaluaciones online tienen beneficios como poder aplicarla en cualquier momento adem\u00e1s se utilizan para estudios multipa\u00eds.<\/p>\t\t\t\t\t\t\t\t<\/div>\n\t\t\t\t<\/div>\n\t\t\t\t\t<\/div>\n\t\t\t\t<\/div>\n\t\t<div class=\"elementor-element elementor-element-3c83f5e e-flex e-con-boxed e-con e-parent\" data-id=\"3c83f5e\" data-element_type=\"container\">\n\t\t\t\t\t<div class=\"e-con-inner\">\n\t\t<div class=\"elementor-element elementor-element-882307c e-con-full e-flex e-con e-child\" data-id=\"882307c\" data-element_type=\"container\">\n\t\t\t\t<div class=\"elementor-element elementor-element-eac902f elementor-widget elementor-widget-text-editor\" data-id=\"eac902f\" data-element_type=\"widget\" data-widget_type=\"text-editor.default\">\n\t\t\t\t<div class=\"elementor-widget-container\">\n\t\t\t\t\t\t\t\t\t<h4>Presenciales<\/h4><p>El mejor enfrentamiento en Latinoam\u00e9rica. Constra de un evento de 3 horas de capacitaci\u00f3n con nuestros mejores y mas reconocidos expertos en Neurociencia aplicada a Neuromarketing, Neuroventas y Neuro Servicio al cliente. Nuestro temario incluye Neurobranding, Neuromarketing, PNL, Kin\u00e9sica, Neuro Dise\u00f1o, Servicio al cliente estilo DISNEY, Neuroventas a la mente del consumidor y mucho m\u00e1s.<br \/><br \/><\/p>\t\t\t\t\t\t\t\t<\/div>\n\t\t\t\t<\/div>\n\t\t\t\t<\/div>\n\t\t<div class=\"elementor-element elementor-element-2e73053 e-con-full e-flex e-con e-child\" data-id=\"2e73053\" data-element_type=\"container\">\n\t\t\t\t<div class=\"elementor-element elementor-element-9a31796 elementor-widget elementor-widget-text-editor\" data-id=\"9a31796\" data-element_type=\"widget\" data-widget_type=\"text-editor.default\">\n\t\t\t\t<div class=\"elementor-widget-container\">\n\t\t\t\t\t\t\t\t\t<h4>Online<\/h4><p>Capacitaci\u00f3n Neuromarketing especializado en las \u00e1reas y objetivos especificos de su empresa. Est\u00e1 dirigido a objetivos y nichos espec\u00edficos como el turismo, hoteler\u00eda, call center, entre otros.<\/p>\t\t\t\t\t\t\t\t<\/div>\n\t\t\t\t<\/div>\n\t\t\t\t<\/div>\n\t\t\t\t\t<\/div>\n\t\t\t\t<\/div>\n\t\t\t\t<\/div>\n\t\t","protected":false},"excerpt":{"rendered":"<p>Neuromarketing Descifra la Mente del Consumidor y Potencia tu Estrategia Neuromarketing: Ciencia y Estrategia para Conectar con la Mente del Consumidor \ud83e\udde0\ud83d\ude80 En un mercado donde las emociones juegan un papel fundamental en la toma de decisiones, el Neuromarketing se&hellip;<\/p>\n","protected":false},"author":1,"featured_media":0,"parent":0,"menu_order":0,"comment_status":"closed","ping_status":"closed","template":"","meta":{"footnotes":""},"class_list":["post-3862","page","type-page","status-publish","hentry","entry","no-post-thumbnail"],"_links":{"self":[{"href":"https:\/\/g-now.net\/main\/wp-json\/wp\/v2\/pages\/3862","targetHints":{"allow":["GET"]}}],"collection":[{"href":"https:\/\/g-now.net\/main\/wp-json\/wp\/v2\/pages"}],"about":[{"href":"https:\/\/g-now.net\/main\/wp-json\/wp\/v2\/types\/page"}],"author":[{"embeddable":true,"href":"https:\/\/g-now.net\/main\/wp-json\/wp\/v2\/users\/1"}],"replies":[{"embeddable":true,"href":"https:\/\/g-now.net\/main\/wp-json\/wp\/v2\/comments?post=3862"}],"version-history":[{"count":49,"href":"https:\/\/g-now.net\/main\/wp-json\/wp\/v2\/pages\/3862\/revisions"}],"predecessor-version":[{"id":4149,"href":"https:\/\/g-now.net\/main\/wp-json\/wp\/v2\/pages\/3862\/revisions\/4149"}],"wp:attachment":[{"href":"https:\/\/g-now.net\/main\/wp-json\/wp\/v2\/media?parent=3862"}],"curies":[{"name":"wp","href":"https:\/\/api.w.org\/{rel}","templated":true}]}}