{"id":2345,"date":"2024-10-29T14:29:30","date_gmt":"2024-10-29T14:29:30","guid":{"rendered":"https:\/\/nextpro.themeperch.net\/wp\/elementor\/?page_id=2345"},"modified":"2025-07-17T14:53:29","modified_gmt":"2025-07-17T14:53:29","slug":"inicio","status":"publish","type":"page","link":"https:\/\/g-now.net\/main\/","title":{"rendered":"Inicio"},"content":{"rendered":"\t\t<div data-elementor-type=\"wp-page\" data-elementor-id=\"2345\" class=\"elementor elementor-2345\">\n\t\t\t\t<div class=\"elementor-element elementor-element-25e32d2 e-con-full e-flex e-con e-parent\" data-id=\"25e32d2\" data-element_type=\"container\">\n\t\t\t\t<div class=\"elementor-element elementor-element-1938cb1 elementor-widget elementor-widget-control_agency_hero_element\" data-id=\"1938cb1\" data-element_type=\"widget\" data-widget_type=\"control_agency_hero_element.default\">\n\t\t\t\t<div class=\"elementor-widget-container\">\n\t\t\t\t\t<section class=\"section-hero-five hero-sec position-relative\" data-bs-theme=\"light\">\r\n        <div class=\"section-hero-five__bgimg position-absolute start-0 top-0 z-0 w-100 h-100\" style=\"background-image: url('https:\/\/g-now.net\/main\/wp-content\/uploads\/2025\/05\/Artboard-1.png');\"><\/div>\r\n\r\n    <div class=\"container\">\r\n        <div class=\"section-hero-five__bg position-relative z-1\">\r\n            <div class=\"row d-flex flex-wrap m-0\">\r\n                <div class=\"section-hero-five__leftw\">\r\n                    <div class=\"section-hero-five__left\">\r\n                                                                        <div class=\"section-hero-five__twobtn d-flex align-items-center\">\r\n                        <div class=\"d-inline-flex gap-2\">\r\n                                                            <\/div>\r\n                                                    <\/div>\r\n                    <\/div>\r\n                <\/div>\r\n            <\/div>\r\n        <\/div>\r\n    <\/div>\r\n<\/section>\r\n<!-- .\/section-hero end -->\t\t\t\t<\/div>\n\t\t\t\t<\/div>\n\t\t\t\t<\/div>\n\t\t<div class=\"elementor-element elementor-element-7d9fc9ce e-con-full e-flex e-con e-parent\" data-id=\"7d9fc9ce\" data-element_type=\"container\">\n\t\t\t\t<div class=\"elementor-element elementor-element-6cdb036a elementor-widget elementor-widget-control_agency_section_title\" data-id=\"6cdb036a\" data-element_type=\"widget\" data-widget_type=\"control_agency_section_title.default\">\n\t\t\t\t<div class=\"elementor-widget-container\">\n\t\t\t\t\t<div class=\"sec-title wow fadeInUp text-center mb-40\">\r\n    <span class=\"sec-title__tagline d-inline-block\">Nuestros Servicios<\/span><h2>Descubre Nuestros Servicios Dise\u00f1ados Para Impulsar El Crecimiento De Tu Negocio.<\/h2>\r\n<\/div>\t\t\t\t<\/div>\n\t\t\t\t<\/div>\n\t\t\t\t<\/div>\n\t\t<div class=\"elementor-element elementor-element-638dc79 e-flex e-con-boxed e-con e-parent\" data-id=\"638dc79\" data-element_type=\"container\">\n\t\t\t\t\t<div class=\"e-con-inner\">\n\t\t<div class=\"elementor-element elementor-element-2dbb84f e-con-full e-flex e-con e-child\" data-id=\"2dbb84f\" data-element_type=\"container\">\n\t\t\t\t<div class=\"elementor-element elementor-element-b352d1c elementor-widget elementor-widget-text-editor\" data-id=\"b352d1c\" data-element_type=\"widget\" data-widget_type=\"text-editor.default\">\n\t\t\t\t<div class=\"elementor-widget-container\">\n\t\t\t\t\t\t\t\t\t<h5><img decoding=\"async\" class=\"alignnone  wp-image-4085\" src=\"https:\/\/g-now.net\/main\/wp-content\/uploads\/2025\/03\/bar-chart_1602655.png\" alt=\"\" width=\"132\" height=\"132\" srcset=\"https:\/\/g-now.net\/main\/wp-content\/uploads\/2025\/03\/bar-chart_1602655.png 512w, https:\/\/g-now.net\/main\/wp-content\/uploads\/2025\/03\/bar-chart_1602655-300x300.png 300w, https:\/\/g-now.net\/main\/wp-content\/uploads\/2025\/03\/bar-chart_1602655-150x150.png 150w\" sizes=\"(max-width: 132px) 100vw, 132px\" \/><\/h5><h5 class=\"section-why-choose__title mb-2\"><a href=\"https:\/\/g-now.net\/main\/investigacion-de-mercados\/\">Investigaci\u00f3n de Mercados<\/a><\/h5><p class=\"section-services-two__text\">Obt\u00e9n informaci\u00f3n valiosa para tomar decisiones basadas en datos y mantenerte a la vanguardia en tu industria.<\/p>\t\t\t\t\t\t\t\t<\/div>\n\t\t\t\t<\/div>\n\t\t\t\t<\/div>\n\t\t<div class=\"elementor-element elementor-element-15daeab e-con-full e-flex e-con e-child\" data-id=\"15daeab\" data-element_type=\"container\">\n\t\t\t\t<div class=\"elementor-element elementor-element-687493b elementor-widget elementor-widget-text-editor\" data-id=\"687493b\" data-element_type=\"widget\" data-widget_type=\"text-editor.default\">\n\t\t\t\t<div class=\"elementor-widget-container\">\n\t\t\t\t\t\t\t\t\t<h5><img decoding=\"async\" class=\"alignnone wp-image-3981\" src=\"https:\/\/g-now.net\/main\/wp-content\/uploads\/2025\/03\/brain_2491469-150x150.png\" alt=\"\" width=\"130\" height=\"130\" srcset=\"https:\/\/g-now.net\/main\/wp-content\/uploads\/2025\/03\/brain_2491469-150x150.png 150w, https:\/\/g-now.net\/main\/wp-content\/uploads\/2025\/03\/brain_2491469-300x300.png 300w, https:\/\/g-now.net\/main\/wp-content\/uploads\/2025\/03\/brain_2491469.png 512w\" sizes=\"(max-width: 130px) 100vw, 130px\" \/><\/h5><h5 class=\"section-why-choose__title mb-2\"><a href=\"https:\/\/g-now.net\/main\/neuromarketing\/\">Neuromarketing<\/a><\/h5><p class=\"section-services-two__text\">Impulsa el engagement y las conversiones aprovechando estrategias de marketing basadas en neurociencia.<\/p>\t\t\t\t\t\t\t\t<\/div>\n\t\t\t\t<\/div>\n\t\t\t\t<\/div>\n\t\t<div class=\"elementor-element elementor-element-3846400 e-con-full e-flex e-con e-child\" data-id=\"3846400\" data-element_type=\"container\">\n\t\t\t\t<div class=\"elementor-element elementor-element-7b34a96 elementor-widget elementor-widget-text-editor\" data-id=\"7b34a96\" data-element_type=\"widget\" data-widget_type=\"text-editor.default\">\n\t\t\t\t<div class=\"elementor-widget-container\">\n\t\t\t\t\t\t\t\t\t<h5><img decoding=\"async\" class=\"alignnone wp-image-3984\" src=\"https:\/\/g-now.net\/main\/wp-content\/uploads\/2025\/03\/mediosdigitales-150x150.png\" alt=\"\" width=\"128\" height=\"128\" srcset=\"https:\/\/g-now.net\/main\/wp-content\/uploads\/2025\/03\/mediosdigitales-150x150.png 150w, https:\/\/g-now.net\/main\/wp-content\/uploads\/2025\/03\/mediosdigitales-300x300.png 300w, https:\/\/g-now.net\/main\/wp-content\/uploads\/2025\/03\/mediosdigitales.png 512w\" sizes=\"(max-width: 128px) 100vw, 128px\" \/><\/h5><h5 class=\"section-why-choose__title mb-2\"><a href=\"https:\/\/g-now.net\/main\/medios-digitales\/\">Medios Digitales<\/a><\/h5><p class=\"section-services-two__text\">Maximiza la presencia en l\u00ednea de tu marca con estrategias digitales personalizadas que impulsan resultados y mejoran la visibilidad.<\/p>\t\t\t\t\t\t\t\t<\/div>\n\t\t\t\t<\/div>\n\t\t\t\t<\/div>\n\t\t<div class=\"elementor-element elementor-element-b6a1953 e-con-full e-flex e-con e-child\" data-id=\"b6a1953\" data-element_type=\"container\">\n\t\t\t\t<div class=\"elementor-element elementor-element-ad7ba12 elementor-widget elementor-widget-text-editor\" data-id=\"ad7ba12\" data-element_type=\"widget\" data-widget_type=\"text-editor.default\">\n\t\t\t\t<div class=\"elementor-widget-container\">\n\t\t\t\t\t\t\t\t\t<h5><img loading=\"lazy\" decoding=\"async\" class=\"alignnone wp-image-4009\" src=\"https:\/\/g-now.net\/main\/wp-content\/uploads\/2025\/03\/analitica-150x150.png\" alt=\"\" width=\"129\" height=\"129\" srcset=\"https:\/\/g-now.net\/main\/wp-content\/uploads\/2025\/03\/analitica-150x150.png 150w, https:\/\/g-now.net\/main\/wp-content\/uploads\/2025\/03\/analitica-300x300.png 300w, https:\/\/g-now.net\/main\/wp-content\/uploads\/2025\/03\/analitica.png 512w\" sizes=\"(max-width: 129px) 100vw, 129px\" \/><\/h5><h5 class=\"section-why-choose__title mb-2\"><a href=\"https:\/\/g-now.net\/main\/btl-below-the-line\/\">BTL (Below The Line)<\/a><\/h5><p class=\"section-services-two__text\">Crea experiencias de marca memorables que cautivan y conectan con tu audiencia m\u00e1s all\u00e1 de lo tradicional.<\/p>\t\t\t\t\t\t\t\t<\/div>\n\t\t\t\t<\/div>\n\t\t\t\t<\/div>\n\t\t\t\t\t<\/div>\n\t\t\t\t<\/div>\n\t\t<div class=\"elementor-element elementor-element-46351ec9 e-con-full e-flex e-con e-parent\" data-id=\"46351ec9\" data-element_type=\"container\">\n\t\t\t\t<div class=\"elementor-element elementor-element-12eac8d elementor-widget elementor-widget-control_agency_contact_form_block\" data-id=\"12eac8d\" data-element_type=\"widget\" data-widget_type=\"control_agency_contact_form_block.default\">\n\t\t\t\t<div class=\"elementor-widget-container\">\n\t\t\t\t\t<section class=\"section-form\" data-bs-theme=\"light\">\r\n    <div class=\"container\">\r\n        <div class=\"section-form__bg\">\r\n                            <div class=\"section-form__bgimg\" style=\"background-image: url('https:\/\/g-now.net\/main\/wp-content\/themes\/nextpro\/assets\/images\/background\/services-bg1-1.png');\"><\/div>\r\n            \r\n            <div class=\"section-form__inner-mx\">\r\n                <div class=\"row\">\r\n                    <div class=\"section-form__content\">\r\n                        <div class=\"section-form__icon d-flex align-items-center justify-content-center wow fadeInUp\" data-wow-delay=\"200ms\">\r\n                                                            <img decoding=\"async\" src=\"https:\/\/g-now.net\/main\/wp-content\/uploads\/2025\/03\/logofooter.png\" alt=\"G Now Marketing\">\r\n                                                    <\/div>\r\n                        <div class=\"sec-title wow fadeInUp\" data-wow-delay=\"200ms\">\r\n                            <h2>Completa el Formulario y Obt\u00e9n Soluciones<\/h2> <p class=\"sec-title__text\">Cont\u00e1ctanos para agendar una cita y recibir asesor\u00eda personalizada. <\/p>                        <\/div>\r\n                    <\/div>\r\n                    <div class=\"section-form__form wow fadeInUp\" data-wow-delay=\"200ms\">\r\n                        \n<div class=\"wpcf7 no-js\" id=\"wpcf7-f2096-o1\" lang=\"en-US\" dir=\"ltr\" data-wpcf7-id=\"2096\">\n<div class=\"screen-reader-response\"><p role=\"status\" aria-live=\"polite\" aria-atomic=\"true\"><\/p> <ul><\/ul><\/div>\n<form action=\"\/main\/wp-json\/wp\/v2\/pages\/2345#wpcf7-f2096-o1\" method=\"post\" class=\"wpcf7-form init\" aria-label=\"Contact form\" novalidate=\"novalidate\" data-status=\"init\">\n<fieldset class=\"hidden-fields-container\"><input type=\"hidden\" name=\"_wpcf7\" value=\"2096\" \/><input type=\"hidden\" name=\"_wpcf7_version\" value=\"6.1.4\" \/><input type=\"hidden\" name=\"_wpcf7_locale\" value=\"en_US\" \/><input type=\"hidden\" name=\"_wpcf7_unit_tag\" value=\"wpcf7-f2096-o1\" \/><input type=\"hidden\" name=\"_wpcf7_container_post\" value=\"0\" \/><input type=\"hidden\" name=\"_wpcf7_posted_data_hash\" value=\"\" \/>\n<\/fieldset>\n<div>\n\t<div class=\"form-row d-flex flex-wrap\">\n\t\t<div class=\"form-group col-sm-6\">\n\t\t\t<p><span class=\"wpcf7-form-control-wrap\" data-name=\"yourname\"><input size=\"40\" maxlength=\"400\" class=\"wpcf7-form-control wpcf7-text wpcf7-validates-as-required form-control\" aria-required=\"true\" aria-invalid=\"false\" placeholder=\"Tu Nombre\" value=\"\" type=\"text\" name=\"yourname\" \/><\/span>\n\t\t\t<\/p>\n\t\t<\/div>\n\t\t<div class=\"form-group col-sm-6\">\n\t\t\t<p><span class=\"wpcf7-form-control-wrap\" data-name=\"youremail\"><input size=\"40\" maxlength=\"400\" class=\"wpcf7-form-control wpcf7-email wpcf7-validates-as-required wpcf7-text wpcf7-validates-as-email form-control\" aria-required=\"true\" aria-invalid=\"false\" placeholder=\"Tu Email\" value=\"\" type=\"email\" name=\"youremail\" \/><\/span>\n\t\t\t<\/p>\n\t\t<\/div>\n\t<\/div>\n\t<div class=\"form-row d-flex flex-wrap\">\n\t\t<div class=\"form-group col-sm-6\">\n\t\t\t<p><span class=\"wpcf7-form-control-wrap\" data-name=\"website\"><input size=\"40\" maxlength=\"400\" class=\"wpcf7-form-control wpcf7-url wpcf7-text wpcf7-validates-as-url form-control\" aria-invalid=\"false\" placeholder=\"Tu Empresa\" value=\"\" type=\"url\" name=\"website\" \/><\/span>\n\t\t\t<\/p>\n\t\t<\/div>\n\t\t<div class=\"form-group col-sm-6\">\n\t\t\t<p><span class=\"wpcf7-form-control-wrap\" data-name=\"website\"><input size=\"40\" maxlength=\"400\" class=\"wpcf7-form-control wpcf7-url wpcf7-text wpcf7-validates-as-url form-control\" aria-invalid=\"false\" placeholder=\"Tu Tel\u00e9fono\" value=\"\" type=\"url\" name=\"website\" \/><\/span>\n\t\t\t<\/p>\n\t\t<\/div>\n\t<\/div>\n\t<div class=\"form-row\">\n\t\t<div class=\"form-group\">\n\t\t\t<p><span class=\"wpcf7-form-control-wrap\" data-name=\"message\"><textarea cols=\"40\" rows=\"6\" maxlength=\"2000\" class=\"wpcf7-form-control wpcf7-textarea wpcf7-validates-as-required form-control text-area\" aria-required=\"true\" aria-invalid=\"false\" placeholder=\"Mensaje\" name=\"message\"><\/textarea><\/span>\n\t\t\t<\/p>\n\t\t<\/div>\n\t<\/div>\n\t<p><button type=\"submit\" class=\"next-marketing-btn form-btn btn\">Enviar Consulta<\/button>\n\t<\/p>\n<\/div><div class=\"wpcf7-response-output\" aria-hidden=\"true\"><\/div>\n<\/form>\n<\/div>\n                    <\/div>\r\n                <\/div>\r\n            <\/div>\r\n        <\/div>\r\n    <\/div>\r\n<\/section>\t\t\t\t<\/div>\n\t\t\t\t<\/div>\n\t\t\t\t<\/div>\n\t\t<div class=\"elementor-element elementor-element-7cda2fe e-flex e-con-boxed e-con e-parent\" data-id=\"7cda2fe\" data-element_type=\"container\">\n\t\t\t\t\t<div class=\"e-con-inner\">\n\t\t\t\t\t<\/div>\n\t\t\t\t<\/div>\n\t\t\t\t<\/div>\n\t\t","protected":false},"excerpt":{"rendered":"<p>Nuestros Servicios Descubre Nuestros Servicios Dise\u00f1ados Para Impulsar El Crecimiento De Tu Negocio. Investigaci\u00f3n de Mercados Obt\u00e9n informaci\u00f3n valiosa para tomar decisiones basadas en datos y mantenerte a la vanguardia en tu industria. Neuromarketing Impulsa el engagement y las conversiones&hellip;<\/p>\n","protected":false},"author":1,"featured_media":0,"parent":0,"menu_order":0,"comment_status":"closed","ping_status":"closed","template":"elementor_header_footer","meta":{"footnotes":""},"class_list":["post-2345","page","type-page","status-publish","hentry","entry","no-post-thumbnail"],"_links":{"self":[{"href":"https:\/\/g-now.net\/main\/wp-json\/wp\/v2\/pages\/2345","targetHints":{"allow":["GET"]}}],"collection":[{"href":"https:\/\/g-now.net\/main\/wp-json\/wp\/v2\/pages"}],"about":[{"href":"https:\/\/g-now.net\/main\/wp-json\/wp\/v2\/types\/page"}],"author":[{"embeddable":true,"href":"https:\/\/g-now.net\/main\/wp-json\/wp\/v2\/users\/1"}],"replies":[{"embeddable":true,"href":"https:\/\/g-now.net\/main\/wp-json\/wp\/v2\/comments?post=2345"}],"version-history":[{"count":128,"href":"https:\/\/g-now.net\/main\/wp-json\/wp\/v2\/pages\/2345\/revisions"}],"predecessor-version":[{"id":4177,"href":"https:\/\/g-now.net\/main\/wp-json\/wp\/v2\/pages\/2345\/revisions\/4177"}],"wp:attachment":[{"href":"https:\/\/g-now.net\/main\/wp-json\/wp\/v2\/media?parent=2345"}],"curies":[{"name":"wp","href":"https:\/\/api.w.org\/{rel}","templated":true}]}}